{"id":1723,"date":"2025-10-26T23:28:24","date_gmt":"2025-10-26T23:28:24","guid":{"rendered":"https:\/\/ogpab.org\/en\/?page_id=1723"},"modified":"2025-10-26T23:39:19","modified_gmt":"2025-10-26T23:39:19","slug":"1723-2","status":"publish","type":"page","link":"https:\/\/ogpab.org\/en\/1723-2\/","title":{"rendered":"24\/7 helplines"},"content":{"rendered":"\n<p class=\"has-text-align-center has-nv-light-bg-color has-text-color has-background has-link-color wp-elements-873aa5ed745141bc01a217687524daaa\" style=\"background-color:#d56aa9\"><strong>International toll-free mental health and suicide prevention helplines<\/strong><br> International Listing \u2013 Updated as of 2025<\/p>\n\n\n\n<p>\ud83c\uddfa\ud83c\uddf8 ESTADOS UNIDOS<br>988 \u2013 National Suicide and Crisis Lifeline<br>Atenci\u00f3n gratuita 24\/7 para crisis emocionales y pensamientos suicidas.<br>Tambi\u00e9n disponible chat y mensaje de texto: 988lifeline.org<\/p>\n\n\n\n<p><br>\ud83c\udde8\ud83c\udde6 CANAD\u00c1<br>1-833-456-4566 \u2013 Talk Suicide Canada<br>Disponible 24\/7. Texto al 45645 para apoyo emocional.<\/p>\n\n\n\n<p><br>\ud83c\uddf2\ud83c\uddfd M\u00c9XICO<br>SAPTEL \u2013 55 5259 8121<br>L\u00ednea gratuita y confidencial, disponible las 24 horas, operada por la Asociaci\u00f3n Psiqui\u00e1trica Mexicana.<\/p>\n\n\n\n<p><br>\ud83c\uddec\ud83c\uddf9 GUATEMALA<br>L\u00ednea 2232-6262 \u2013 Tel\u00e9fono de la Esperanza. Atenci\u00f3n psicol\u00f3gica gratuita y confidencial.<\/p>\n\n\n\n<p><br>\ud83c\uddf8\ud83c\uddfb EL SALVADOR<br>2121-4039 \/ 2121-4040 \u2013 Tel\u00e9fono de la Esperanza. Apoyo psicol\u00f3gico y emocional 24\/7.<\/p>\n\n\n\n<p><br>\ud83c\udde8\ud83c\uddf7 COSTA RICA<br>(506) 2272-3774 \u2013 \u201cAqu\u00ed Estoy\u201d. L\u00ednea gratuita de atenci\u00f3n en crisis, prevenci\u00f3n del suicidio y apoyo emocional.<\/p>\n\n\n\n<p><br>\ud83c\uddf5\ud83c\udde6 PANAM\u00c1<br>147 \u2013 L\u00ednea de Apoyo Emocional del MINSA. Servicio gratuito, an\u00f3nimo y disponible las 24 horas.<\/p>\n\n\n\n<p><br>\ud83c\udde8\ud83c\uddf4 COLOMBIA<br>106 \u2013 L\u00ednea de Atenci\u00f3n en Salud Mental. Apoyo psicol\u00f3gico y emocional 24\/7.<br>En Bogot\u00e1: 604 474 59 00 (L\u00ednea Salvavidas).<\/p>\n\n\n\n<p><br>\ud83c\uddfb\ud83c\uddea VENEZUELA<br>0-800-PSICO-00 (0-800-77426-00) \u2013 Fundaci\u00f3n Luz y Vida. Atenci\u00f3n psicol\u00f3gica gratuita (disponibilidad variable).<\/p>\n\n\n\n<p><br>\ud83c\uddf5\ud83c\uddea PER\u00da<br>113, opci\u00f3n 5 \u2013 L\u00ednea de Salud Mental del Ministerio de Salud. Disponible 24 horas todos los d\u00edas del a\u00f1o.<\/p>\n\n\n\n<p><br>\ud83c\uddea\ud83c\udde8 ECUADOR<br>171, opci\u00f3n 6 \u2013 Ministerio de Salud P\u00fablica. Atenci\u00f3n psicol\u00f3gica gratuita por tel\u00e9fono o videollamada.<\/p>\n\n\n\n<p><br>\ud83c\udde7\ud83c\uddf4 BOLIVIA<br>800-14-0082 \u2013 L\u00ednea gratuita de ayuda psicol\u00f3gica. Atenci\u00f3n en crisis emocionales y prevenci\u00f3n del suicidio.<\/p>\n\n\n\n<p><br>\ud83c\udde8\ud83c\uddf1 CHILE<br>600 360 7777 \u2013 L\u00ednea Salud Responde. Atenci\u00f3n psicol\u00f3gica 24 horas, confidencial y gratuita.<\/p>\n\n\n\n<p><br>\ud83c\uddf5\ud83c\uddfe PARAGUAY<br>155 \u2013 L\u00ednea \u201cTu salud mental importa\u201d. Servicio nacional 24\/7 del Ministerio de Salud P\u00fablica.<\/p>\n\n\n\n<p><br>\ud83c\udde6\ud83c\uddf7 ARGENTINA<br>135 (CABA y Gran Buenos Aires) o 011-5275-1135 (todo el pa\u00eds). Centro de Asistencia al Suicida \u2013 atenci\u00f3n gratuita y confidencial.<\/p>\n\n\n\n<p><br>\ud83c\uddfa\ud83c\uddfe URUGUAY<br>0800 0767 o *0767 \u2013 L\u00ednea Vida \/ Prevenci\u00f3n del suicidio<br>0800 1920 \u2013 L\u00ednea de Apoyo Emocional<\/p>\n\n\n\n<p>Ambas operadas por la Administraci\u00f3n de los Servicios de Salud del Estado (ASSE).<\/p>\n\n\n\n<p><br>\ud83c\udde7\ud83c\uddf7 BRASIL<br>188 \u2013 Centro de Valoriza\u00e7\u00e3o da Vida (CVV). Servicio gratuito, 24\/7, en portugu\u00e9s.<\/p>\n\n\n\n<p><br>\ud83c\uddea\ud83c\uddf8 ESPA\u00d1A<br>024 \u2013 L\u00ednea de Atenci\u00f3n a la Conducta Suicida. Gratuita, confidencial y disponible las 24 horas.<\/p>\n\n\n\n<p><br>\ud83c\uddeb\ud83c\uddf7 FRANCIA<br>3114 \u2013 Num\u00e9ro national de pr\u00e9vention du suicide. Apoyo 24\/7, confidencial y gratuito.<\/p>\n\n\n\n<p><br>\ud83c\uddec\ud83c\udde7 REINO UNIDO<br>116 123 \u2013 Samaritans. Atenci\u00f3n emocional gratuita y confidencial.<\/p>\n\n\n\n<p><br>\ud83c\udde9\ud83c\uddea ALEMANIA<br>0800 111 0 111 \/ 0800 111 0 222 \u2013 TelefonSeelsorge. Gratuito, confidencial, 24 horas.<\/p>\n\n\n\n<p><br>\ud83c\uddee\ud83c\uddf9 ITALIA<br>Telefono Amico Italia: 02 2327 2327 Asistencia emocional gratuita y an\u00f3nima.<\/p>\n\n\n\n<p><br>\ud83c\uddef\ud83c\uddf5 JAP\u00d3N<br>Tokyo English Lifeline (TELL): 03-5774-0992 Atenci\u00f3n 24\/7 en ingl\u00e9s y japon\u00e9s.<\/p>\n\n\n\n<p><br>\ud83c\udde6\ud83c\uddfa AUSTRALIA<br>13 11 14 \u2013 Lifeline Australia. Servicio nacional gratuito, confidencial y 24\/7.<\/p>\n\n\n\n<p><br>\ud83c\uddf3\ud83c\uddff NUEVA ZELANDA<br>0800 543 354 \u2013 Lifeline Aotearoa. Apoyo emocional gratuito y confidencial 24\/7.<\/p>\n\n\n\n<p><br>\ud83c\uddff\ud83c\udde6 SUD\u00c1FRICA<br>0800 567 567 \u2013 South African Depression and Anxiety Group (SADAG). L\u00ednea gratuita de crisis, depresi\u00f3n y suicidio.<\/p>\n","protected":false},"excerpt":{"rendered":"<p>International toll-free mental health and suicide prevention helplines International Listing \u2013 Updated as of 2025 \ud83c\uddfa\ud83c\uddf8 ESTADOS UNIDOS988 \u2013 National Suicide and Crisis LifelineAtenci\u00f3n gratuita 24\/7 para crisis emocionales y pensamientos suicidas.Tambi\u00e9n disponible chat y mensaje de texto: 988lifeline.org \ud83c\udde8\ud83c\udde6 CANAD\u00c11-833-456-4566 \u2013 Talk Suicide CanadaDisponible 24\/7. Texto al 45645 para apoyo emocional. \ud83c\uddf2\ud83c\uddfd M\u00c9XICOSAPTEL \u2013&hellip;&nbsp;<a href=\"https:\/\/ogpab.org\/en\/1723-2\/\" rel=\"bookmark\"><span class=\"screen-reader-text\">24\/7 helplines<\/span><\/a><\/p>\n","protected":false},"author":1,"featured_media":0,"parent":0,"menu_order":0,"comment_status":"closed","ping_status":"closed","template":"","meta":{"neve_meta_sidebar":"","neve_meta_container":"","neve_meta_enable_content_width":"","neve_meta_content_width":0,"neve_meta_title_alignment":"","neve_meta_author_avatar":"","neve_post_elements_order":"","neve_meta_disable_header":"","neve_meta_disable_footer":"","neve_meta_disable_title":"","_themeisle_gutenberg_block_has_review":false,"footnotes":""},"class_list":["post-1723","page","type-page","status-publish","hentry"],"_links":{"self":[{"href":"https:\/\/ogpab.org\/en\/wp-json\/wp\/v2\/pages\/1723","targetHints":{"allow":["GET"]}}],"collection":[{"href":"https:\/\/ogpab.org\/en\/wp-json\/wp\/v2\/pages"}],"about":[{"href":"https:\/\/ogpab.org\/en\/wp-json\/wp\/v2\/types\/page"}],"author":[{"embeddable":true,"href":"https:\/\/ogpab.org\/en\/wp-json\/wp\/v2\/users\/1"}],"replies":[{"embeddable":true,"href":"https:\/\/ogpab.org\/en\/wp-json\/wp\/v2\/comments?post=1723"}],"version-history":[{"count":5,"href":"https:\/\/ogpab.org\/en\/wp-json\/wp\/v2\/pages\/1723\/revisions"}],"predecessor-version":[{"id":1736,"href":"https:\/\/ogpab.org\/en\/wp-json\/wp\/v2\/pages\/1723\/revisions\/1736"}],"wp:attachment":[{"href":"https:\/\/ogpab.org\/en\/wp-json\/wp\/v2\/media?parent=1723"}],"curies":[{"name":"wp","href":"https:\/\/api.w.org\/{rel}","templated":true}]}}