{"id":1816,"date":"2025-11-03T00:14:40","date_gmt":"2025-11-03T00:14:40","guid":{"rendered":"https:\/\/ogpab.org\/en\/?page_id=1816"},"modified":"2025-11-08T02:28:06","modified_gmt":"2025-11-08T02:28:06","slug":"ogpab-awards-2025","status":"publish","type":"page","link":"https:\/\/ogpab.org\/en\/ogpab-awards-2025\/","title":{"rendered":"OGPAB Awards 2025"},"content":{"rendered":"\n<p class=\"has-text-align-center has-large-font-size\">RECOGNITION<\/p>\n\n\n\n<p class=\"has-text-align-center has-large-font-size\">\u201cCHAMPIONS OF LIFE\u201d<\/p>\n\n\n\n<p class=\"has-text-align-center\">We present \u201cChampions of Life,\u201d our new initiative to recognize those extraordinary individuals and organizations who, without capes or superpowers (or maybe they do), fight every day for a world with values, a world that is more just, respectful, and free of bullying.<\/p>\n\n\n\n<p class=\"has-text-align-center\">The awards will be divided into four categories to recognize different types of Champions of Life:<\/p>\n\n\n\n<p class=\"has-text-align-left\"><strong>1.Champion of Bullying Prevention<\/strong><br>For those who have implemented initiatives, programs, or concrete actions to effectively prevent bullying in schools.<\/p>\n\n\n\n<p class=\"has-text-align-left\"><br><strong>2.Champion of Transmitting Values and Empathy<\/strong><br>For educators, leaders, or communicators who promote the values of respect, empathy, and solidarity through teaching and example.<\/p>\n\n\n\n<p class=\"has-text-align-left\"><br><strong>3. Champion of the fight to Prevent Suicide due to bullying<\/strong><br>For those who develop and promote laws to prevent school violence, or establish methods that foster safe and healthy school environments.<\/p>\n\n\n\n<p class=\"has-text-align-left\"><br><strong>4. Champion of Support and Accompaniment<\/strong><br>For organizations that provide emotional, psychological, or social support to victims of bullying or vulnerable children in their communities.<\/p>\n\n\n\n<p class=\"has-text-align-center\"><br>These categories highlight different important aspects in the fight against bullying and the promotion of values, covering a wide spectrum of contributions.<\/p>\n\n\n\n<p class=\"has-text-align-center\">They are the true heroes who defend the fundamental values of coexistence, empathy, and solidarity. From committed educators and courageous young people to organizations that transform communities, \u201cChampions of Life\u201d honors their efforts and dedication to creating safe spaces where everyone can live and grow with dignity.<\/p>\n\n\n\n<p class=\"has-text-align-center\">Join us in celebrating, nominating, and supporting these agents of change who inspire by example and teach us that we can all be champions of life!<\/p>\n\n\n\n<p><\/p>\n\n\n\n<div id=\"wp-block-themeisle-blocks-advanced-columns-a2946a77\" class=\"wp-block-themeisle-blocks-advanced-columns alignfull has-2-columns has-desktop-equal-layout has-tablet-equal-layout has-mobile-collapsedRows-layout has-vertical-center ticss-a2946a77 has-dark-bg\"><div class=\"wp-block-themeisle-blocks-advanced-columns-overlay\"><\/div><div class=\"innerblocks-wrap\">\n<div id=\"wp-block-themeisle-blocks-advanced-column-bbddf55b\" class=\"wp-block-themeisle-blocks-advanced-column\"><div class=\"wp-block-image\">\n<figure class=\"aligncenter size-full\"><img loading=\"lazy\" decoding=\"async\" width=\"1587\" height=\"2245\" src=\"https:\/\/ogpab.org\/en\/wp-content\/uploads\/2025\/11\/JAYDEN-HAMILTON-2025.png\" alt=\"\" class=\"wp-image-1821\" srcset=\"https:\/\/ogpab.org\/en\/wp-content\/uploads\/2025\/11\/JAYDEN-HAMILTON-2025.png 1587w, https:\/\/ogpab.org\/en\/wp-content\/uploads\/2025\/11\/JAYDEN-HAMILTON-2025-212x300.png 212w, https:\/\/ogpab.org\/en\/wp-content\/uploads\/2025\/11\/JAYDEN-HAMILTON-2025-724x1024.png 724w, https:\/\/ogpab.org\/en\/wp-content\/uploads\/2025\/11\/JAYDEN-HAMILTON-2025-768x1086.png 768w, https:\/\/ogpab.org\/en\/wp-content\/uploads\/2025\/11\/JAYDEN-HAMILTON-2025-1086x1536.png 1086w, https:\/\/ogpab.org\/en\/wp-content\/uploads\/2025\/11\/JAYDEN-HAMILTON-2025-1448x2048.png 1448w\" sizes=\"auto, (max-width: 1587px) 100vw, 1587px\" \/><\/figure>\n<\/div><\/div>\n\n\n\n<div id=\"wp-block-themeisle-blocks-advanced-column-92b2db05\" class=\"wp-block-themeisle-blocks-advanced-column\">\n<p id=\"wp-block-themeisle-blocks-advanced-heading-82f63cc5\" class=\"wp-block-themeisle-blocks-advanced-heading wp-block-themeisle-blocks-advanced-heading-82f63cc5\"><strong><strong>Champion of Bullying Prevention<\/strong><\/strong><\/p>\n\n\n\n<h2 id=\"wp-block-themeisle-blocks-advanced-heading-8f1f2647\" class=\"wp-block-themeisle-blocks-advanced-heading wp-block-themeisle-blocks-advanced-heading-8f1f2647\">JAYDEN HAMILTON<\/h2>\n\n\n\n<p class=\"has-white-color has-text-color\">Jayden Hamilton is a young Australian Formula 4 driver, known not only for his performance in competitions, but also for his social commitment to the fight against bullying. He has used his sporting platform to raise awareness about bullying, promoting messages of respect and support for victims. His example inspires young people to stand up to bullying with courage and build more supportive communities.<\/p>\n\n\n\n<div class=\"wp-block-buttons is-layout-flex wp-block-buttons-is-layout-flex\">\n<div class=\"wp-block-button is-style-primary\"><a class=\"wp-block-button__link wp-element-button\">Learn More<\/a><\/div>\n<\/div>\n<\/div>\n<\/div><\/div>\n\n\n\n<div id=\"wp-block-themeisle-blocks-advanced-columns-35825447\" class=\"wp-block-themeisle-blocks-advanced-columns alignfull has-2-columns has-desktop-equal-layout has-tablet-equal-layout has-mobile-collapsedRows-layout has-vertical-center ticss-c00aadba\"><div class=\"wp-block-themeisle-blocks-advanced-columns-overlay\"><\/div><div class=\"innerblocks-wrap\">\n<div id=\"wp-block-themeisle-blocks-advanced-column-fedc9d47\" class=\"wp-block-themeisle-blocks-advanced-column\">\n<figure class=\"wp-block-image size-full\"><img loading=\"lazy\" decoding=\"async\" width=\"1587\" height=\"2245\" src=\"https:\/\/ogpab.org\/en\/wp-content\/uploads\/2025\/11\/CELSO-LAMAS.png\" alt=\"\" class=\"wp-image-1820\" srcset=\"https:\/\/ogpab.org\/en\/wp-content\/uploads\/2025\/11\/CELSO-LAMAS.png 1587w, https:\/\/ogpab.org\/en\/wp-content\/uploads\/2025\/11\/CELSO-LAMAS-212x300.png 212w, https:\/\/ogpab.org\/en\/wp-content\/uploads\/2025\/11\/CELSO-LAMAS-724x1024.png 724w, https:\/\/ogpab.org\/en\/wp-content\/uploads\/2025\/11\/CELSO-LAMAS-768x1086.png 768w, https:\/\/ogpab.org\/en\/wp-content\/uploads\/2025\/11\/CELSO-LAMAS-1086x1536.png 1086w, https:\/\/ogpab.org\/en\/wp-content\/uploads\/2025\/11\/CELSO-LAMAS-1448x2048.png 1448w\" sizes=\"auto, (max-width: 1587px) 100vw, 1587px\" \/><\/figure>\n<\/div>\n\n\n\n<div id=\"wp-block-themeisle-blocks-advanced-column-ed1b12ac\" class=\"wp-block-themeisle-blocks-advanced-column\">\n<h2 id=\"wp-block-themeisle-blocks-advanced-heading-8f3ca166\" class=\"wp-block-themeisle-blocks-advanced-heading wp-block-themeisle-blocks-advanced-heading-8f3ca166\"><strong>CHAMPION OF TRANSMITTING VALUES AND EMPATHY<\/strong><\/h2>\n\n\n\n<h2 id=\"wp-block-themeisle-blocks-advanced-heading-7a3931bf\" class=\"wp-block-themeisle-blocks-advanced-heading wp-block-themeisle-blocks-advanced-heading-7a3931bf\">CELSO LAMAS<\/h2>\n\n\n\n<p>Celso Lamas, a dedicated art teacher in the Puna region of Salta, Argentina, travels more than 70 kilometers each week on his motorcycle, accompanied by his dog, to teach at three isolated rural schools. His commitment goes beyond teaching; he is a guide, friend, and emotional support for his students, many of whom face harsh living conditions. Celso not only imparts knowledge, but also hope and values, being a living example of vocation, sacrifice, and love for education. His story has touched and motivated everyone, standing out as a true champion of teaching and empathy.<br><br><a href=\"https:\/\/ogpab.org\/\" data-type=\"link\" data-id=\"https:\/\/ogpab.org\/\">https:\/\/ogpab.org\/<\/a><\/p>\n<\/div>\n<\/div><\/div>\n\n\n\n<div id=\"wp-block-themeisle-blocks-advanced-columns-52ca6f07\" class=\"wp-block-themeisle-blocks-advanced-columns alignfull has-2-columns has-desktop-equal-layout has-tablet-equal-layout has-mobile-collapsedRows-layout has-vertical-center ticss-a2946a77 has-dark-bg\"><div class=\"wp-block-themeisle-blocks-advanced-columns-overlay\"><\/div><div class=\"innerblocks-wrap\">\n<div id=\"wp-block-themeisle-blocks-advanced-column-0456236a\" class=\"wp-block-themeisle-blocks-advanced-column\"><div class=\"wp-block-image\">\n<figure class=\"aligncenter size-full\"><img loading=\"lazy\" decoding=\"async\" width=\"1587\" height=\"2245\" src=\"https:\/\/ogpab.org\/en\/wp-content\/uploads\/2025\/11\/TRENCATS-ESPANA-JMLV-2025-1.png\" alt=\"\" class=\"wp-image-1839\" srcset=\"https:\/\/ogpab.org\/en\/wp-content\/uploads\/2025\/11\/TRENCATS-ESPANA-JMLV-2025-1.png 1587w, https:\/\/ogpab.org\/en\/wp-content\/uploads\/2025\/11\/TRENCATS-ESPANA-JMLV-2025-1-212x300.png 212w, https:\/\/ogpab.org\/en\/wp-content\/uploads\/2025\/11\/TRENCATS-ESPANA-JMLV-2025-1-724x1024.png 724w, https:\/\/ogpab.org\/en\/wp-content\/uploads\/2025\/11\/TRENCATS-ESPANA-JMLV-2025-1-768x1086.png 768w, https:\/\/ogpab.org\/en\/wp-content\/uploads\/2025\/11\/TRENCATS-ESPANA-JMLV-2025-1-1086x1536.png 1086w, https:\/\/ogpab.org\/en\/wp-content\/uploads\/2025\/11\/TRENCATS-ESPANA-JMLV-2025-1-1448x2048.png 1448w\" sizes=\"auto, (max-width: 1587px) 100vw, 1587px\" \/><\/figure>\n<\/div><\/div>\n\n\n\n<div id=\"wp-block-themeisle-blocks-advanced-column-2fa5252a\" class=\"wp-block-themeisle-blocks-advanced-column\">\n<p id=\"wp-block-themeisle-blocks-advanced-heading-cb625a5a\" class=\"wp-block-themeisle-blocks-advanced-heading wp-block-themeisle-blocks-advanced-heading-cb625a5a\"><strong><strong>Champion of the Fight Against Suicide Due to Bullying<\/strong><\/strong><\/p>\n\n\n\n<h2 id=\"wp-block-themeisle-blocks-advanced-heading-55875b66\" class=\"wp-block-themeisle-blocks-advanced-heading wp-block-themeisle-blocks-advanced-heading-55875b66\">TRENCATS<\/h2>\n\n\n\n<p class=\"has-white-color has-text-color\">Trencats is a Spanish non-profit association, chaired by Jos\u00e9 Manuel L\u00f3pez Vi\u00f1uela, which fights against bullying, child abuse, and inaction by educational institutions. They offer support to victims and families with a multidisciplinary team and promote a Comprehensive Law against Bullying. Brian Giner S\u00e1nchez, secretary of the association and author of \u201cBeaten but not Defeated,\u201d draws on his personal experience as a victim of bullying to inspire and motivate others.<\/p>\n\n\n\n<p>Trencats, with its comprehensive approach and the leadership of Jos\u00e9 Manuel L\u00f3pez Vi\u00f1uela, has established itself as a fundamental pillar in the eradication of school violence in Spain, offering vital support and promoting significant legislative change.<\/p>\n\n\n\n<details class=\"wp-block-details is-layout-flow wp-block-details-is-layout-flow\"><summary>https:\/\/www.instagram.com\/trencats_\/<\/summary><a class=\"wp-block-read-more\" href=\"https:\/\/ogpab.org\/en\/ogpab-awards-2025\/\" target=\"_self\">Read more<span class=\"screen-reader-text\">: OGPAB Awards 2025<\/span><\/a><\/details>\n<\/div>\n<\/div><\/div>\n\n\n\n<div id=\"wp-block-themeisle-blocks-advanced-columns-de178bbf\" class=\"wp-block-themeisle-blocks-advanced-columns alignfull has-2-columns has-desktop-equal-layout has-tablet-equal-layout has-mobile-collapsedRows-layout has-vertical-center ticss-c00aadba\"><div class=\"wp-block-themeisle-blocks-advanced-columns-overlay\"><\/div><div class=\"innerblocks-wrap\">\n<div id=\"wp-block-themeisle-blocks-advanced-column-05f053d5\" class=\"wp-block-themeisle-blocks-advanced-column\">\n<figure class=\"wp-block-image size-full\"><img loading=\"lazy\" decoding=\"async\" width=\"1587\" height=\"2245\" src=\"https:\/\/ogpab.org\/en\/wp-content\/uploads\/2025\/11\/CLUB-DE-HEROES-2025.png\" alt=\"\" class=\"wp-image-1819\" srcset=\"https:\/\/ogpab.org\/en\/wp-content\/uploads\/2025\/11\/CLUB-DE-HEROES-2025.png 1587w, https:\/\/ogpab.org\/en\/wp-content\/uploads\/2025\/11\/CLUB-DE-HEROES-2025-212x300.png 212w, https:\/\/ogpab.org\/en\/wp-content\/uploads\/2025\/11\/CLUB-DE-HEROES-2025-724x1024.png 724w, https:\/\/ogpab.org\/en\/wp-content\/uploads\/2025\/11\/CLUB-DE-HEROES-2025-768x1086.png 768w, https:\/\/ogpab.org\/en\/wp-content\/uploads\/2025\/11\/CLUB-DE-HEROES-2025-1086x1536.png 1086w, https:\/\/ogpab.org\/en\/wp-content\/uploads\/2025\/11\/CLUB-DE-HEROES-2025-1448x2048.png 1448w\" sizes=\"auto, (max-width: 1587px) 100vw, 1587px\" \/><\/figure>\n<\/div>\n\n\n\n<div id=\"wp-block-themeisle-blocks-advanced-column-2fcfc10e\" class=\"wp-block-themeisle-blocks-advanced-column\">\n<h2 id=\"wp-block-themeisle-blocks-advanced-heading-6ba350e0\" class=\"wp-block-themeisle-blocks-advanced-heading wp-block-themeisle-blocks-advanced-heading-6ba350e0\"><strong>CHAMPION OF SUPPORT AND ACCOMPANIMENT<\/strong><\/h2>\n\n\n\n<h2 id=\"wp-block-themeisle-blocks-advanced-heading-6cc03a86\" class=\"wp-block-themeisle-blocks-advanced-heading wp-block-themeisle-blocks-advanced-heading-6cc03a86\">CLUB DE H\u00c9ROES<\/h2>\n\n\n\n<p>The Heroes Club is an Argentine organization dedicated to accompanying and protecting vulnerable children, especially those battling serious illnesses such as cancer and leukemia. Made up of volunteers who become superheroes, the club visits hospitals and clinics to bring joy, hope, and emotional support to children and their families, transforming difficult moments into experiences filled with magic and fantasy. Among its members is \u201cEl Argentino,\u201d the stage name of Dami\u00e1n, who began this charitable mission six years ago wearing a cape with the Argentine flag. His presence symbolizes strength, love, and comfort, and also promotes the prevention of bullying.<br><br><a href=\"https:\/\/www.instagram.com\/clubheroess\/\">https:\/\/www.instagram.com\/clubheroess\/<\/a><\/p>\n<\/div>\n<\/div><\/div>\n","protected":false},"excerpt":{"rendered":"<p>RECOGNITION \u201cCHAMPIONS OF LIFE\u201d We present \u201cChampions of Life,\u201d our new initiative to recognize those extraordinary individuals and organizations who, without capes or superpowers (or maybe they do), fight every day for a world with values, a world that is more just, respectful, and free of bullying. The awards will be divided into four categories&hellip;&nbsp;<a href=\"https:\/\/ogpab.org\/en\/ogpab-awards-2025\/\" rel=\"bookmark\"><span class=\"screen-reader-text\">OGPAB Awards 2025<\/span><\/a><\/p>\n","protected":false},"author":1,"featured_media":0,"parent":0,"menu_order":0,"comment_status":"closed","ping_status":"closed","template":"","meta":{"neve_meta_sidebar":"","neve_meta_container":"","neve_meta_enable_content_width":"","neve_meta_content_width":0,"neve_meta_title_alignment":"","neve_meta_author_avatar":"","neve_post_elements_order":"","neve_meta_disable_header":"","neve_meta_disable_footer":"","neve_meta_disable_title":"","_themeisle_gutenberg_block_has_review":false,"footnotes":""},"class_list":["post-1816","page","type-page","status-publish","hentry"],"_links":{"self":[{"href":"https:\/\/ogpab.org\/en\/wp-json\/wp\/v2\/pages\/1816","targetHints":{"allow":["GET"]}}],"collection":[{"href":"https:\/\/ogpab.org\/en\/wp-json\/wp\/v2\/pages"}],"about":[{"href":"https:\/\/ogpab.org\/en\/wp-json\/wp\/v2\/types\/page"}],"author":[{"embeddable":true,"href":"https:\/\/ogpab.org\/en\/wp-json\/wp\/v2\/users\/1"}],"replies":[{"embeddable":true,"href":"https:\/\/ogpab.org\/en\/wp-json\/wp\/v2\/comments?post=1816"}],"version-history":[{"count":10,"href":"https:\/\/ogpab.org\/en\/wp-json\/wp\/v2\/pages\/1816\/revisions"}],"predecessor-version":[{"id":1840,"href":"https:\/\/ogpab.org\/en\/wp-json\/wp\/v2\/pages\/1816\/revisions\/1840"}],"wp:attachment":[{"href":"https:\/\/ogpab.org\/en\/wp-json\/wp\/v2\/media?parent=1816"}],"curies":[{"name":"wp","href":"https:\/\/api.w.org\/{rel}","templated":true}]}}